{"id":952,"date":"2019-03-26T21:31:00","date_gmt":"2019-03-27T01:31:00","guid":{"rendered":"https:\/\/demenagementconstant.ca\/?page_id=952"},"modified":"2019-03-26T21:31:00","modified_gmt":"2019-03-27T01:31:00","slug":"privacy-policy","status":"publish","type":"page","link":"https:\/\/demenagementconstant.ca\/en\/privacy-policy\/","title":{"rendered":"Privacy policy"},"content":{"rendered":"<h2><span class=\"tlid-translation translation\" lang=\"en\">Who are we<\/span><\/h2>\n<p><span class=\"tlid-translation translation\" lang=\"en\"><br \/>\nThe address of our website is: https:\/\/demenagementconstant.ca.<br \/>\nWhat personal data is kept and why<\/span><\/p>\n<h2><span class=\"tlid-translation translation\" lang=\"en\"><br \/>\ncomments<\/span><\/h2>\n<p><span class=\"tlid-translation translation\" lang=\"en\"><br \/>\nWhen you leave a comment on our website, the data entered in the comment form, but also your IP address and the user agent of your browser are collected to help us detect unwanted comments.<br \/>\nAn anonymized channel created from your email address (also known as &#8220;hash&#8221;) can be sent to the Gravatar service to check if you are using it. The privacy policies of the Gravatar service are available here: https:\/\/automattic.com\/privacy\/. After validation of your comment, your profile picture will be visible publicly next to your comment.<\/span><\/p>\n<h2><span class=\"tlid-translation translation\" lang=\"en\"><br \/>\nmedia<\/span><\/h2>\n<p><span class=\"tlid-translation translation\" lang=\"en\"><br \/>\nIf you upload images to the website, we advise you to avoid uploading images containing EXIF \u200b\u200bdata containing GPS coordinates. Visitors to this website can download and extract location data from these images.<br \/>\n<\/span><\/p>\n<h2><span class=\"tlid-translation translation\" lang=\"en\">Contact Forms<\/span><\/h2>\n<p><span class=\"tlid-translation translation\" lang=\"en\"><br \/>\nwitnesses<br \/>\nIf you leave a comment on our site, you will be asked to register your name, email address and website in cookies. It&#8217;s only to simplify your life so you do not have to enter this information if you leave another comment later. These witnesses expire after one year.<br \/>\nIf you have an account and log into this site, a temporary cookie will be created to determine if your browser accepts cookies. It does not contain personal data and will be deleted automatically when you close your browser.<br \/>\nWhen you sign in, we&#8217;ll set up a number of cookies to save your login information and screen preferences. The lifetime of a cookie is two days, the life of a cookie indicator is one year. If you check &#8220;remember me&#8221;, your cookie will be kept for two weeks. If you log out of your account, the login indicator will be erased.<br \/>\nBy editing or posting an article, an additional cookie will be saved in your browser. This cookie does not include any personal data. It simply indicates the identifier of the article you just modified. It expires after a day.<\/span><\/p>\n<h2><span class=\"tlid-translation translation\" lang=\"en\"><br \/>\nNested content from other websites<\/span><\/h2>\n<p><span class=\"tlid-translation translation\" lang=\"en\"><br \/>\nArticles on this site may include embedded content (eg videos, images, articles, etc.). Content embedded from other sites behaves in the same way as if the visitor were to that other site.<br \/>\nThese websites may collect data about you, use cookies, install third-party tracking tools, or track your interactions with these embedded content if you have an account and are connected to their website.<br \/>\n<\/span><\/p>\n<h2><span class=\"tlid-translation translation\" lang=\"en\">How long are your data stored?<\/span><\/h2>\n<p><span class=\"tlid-translation translation\" lang=\"en\"><br \/>\nIf you leave a comment, the comment and its metadata are kept indefinitely. This automatically recognizes and approves the following comments instead of leaving them in the moderation queue.<br \/>\nFor users who register on our site (if this is possible), we also store the personal data indicated in their profile. All users can view, modify, or delete their personal information at any time (except their username). Site managers can also view and edit this information.<\/span><\/p>\n<h2><span class=\"tlid-translation translation\" lang=\"en\"><br \/>\nWhat are your rights on your data?<\/span><\/h2>\n<p><span class=\"tlid-translation translation\" lang=\"en\"><br \/>\nIf you have an account or have left comments on this site, you can request to receive a file containing all the personal data that we have about you, including those that you have provided us. You can also request the deletion of your personal data. This does not take into account the data stored for administrative, legal or security reasons.<\/span><\/p>\n<h2><span class=\"tlid-translation translation\" lang=\"en\"><br \/>\nTransmission of your personal data<\/span><\/h2>\n<p><span class=\"tlid-translation translation\" lang=\"en\"><br \/>\nVisitor comments can be verified using an automated spam detection service.<\/span><\/p>\n<p><span class=\"tlid-translation translation\" lang=\"en\"><br \/>\nYour contact information<br \/>\nAdditional information<br \/>\nHow we protect your data<br \/>\nProcedures implemented in case of data leak<br \/>\nThird-party services that provide us with data<br \/>\nAutomated Marketing and \/ or Profiling Operations Using Personal Data<br \/>\nDisplay of information related to sectors subject to specific regulations<\/span><\/p>\n","protected":false},"excerpt":{"rendered":"<p>Who are we The address of our website is: https:\/\/demenagementconstant.ca. What personal data is kept and why comments When you leave a comment on our website, the data entered in the comment form, but also your IP address and the user agent of your browser are collected to help us detect unwanted comments. An anonymized [&hellip;]<\/p>\n","protected":false},"author":2,"featured_media":0,"parent":0,"menu_order":0,"comment_status":"closed","ping_status":"open","template":"","meta":{"_et_pb_use_builder":"","_et_pb_old_content":"","_et_gb_content_width":"","footnotes":""},"class_list":["post-952","page","type-page","status-publish","hentry"],"yoast_head":"<!-- This site is optimized with the Yoast SEO plugin v27.2 - https:\/\/yoast.com\/product\/yoast-seo-wordpress\/ -->\n<title>Privacy policy - D\u00e9m\u00e9nagement Constant<\/title>\n<meta name=\"description\" content=\"Who are we The address of our website is: https:\/\/demenagementconstant.ca. What personal data is kept and why comments When you leave a comment on our\" \/>\n<meta name=\"robots\" content=\"index, follow, max-snippet:-1, max-image-preview:large, max-video-preview:-1\" \/>\n<link rel=\"canonical\" href=\"https:\/\/demenagementconstant.ca\/en\/privacy-policy\/\" \/>\n<meta property=\"og:locale\" content=\"en_US\" \/>\n<meta property=\"og:type\" content=\"article\" \/>\n<meta property=\"og:title\" content=\"Privacy policy - D\u00e9m\u00e9nagement Constant\" \/>\n<meta property=\"og:description\" content=\"Who are we The address of our website is: https:\/\/demenagementconstant.ca. What personal data is kept and why comments When you leave a comment on our\" \/>\n<meta property=\"og:url\" content=\"https:\/\/demenagementconstant.ca\/en\/privacy-policy\/\" \/>\n<meta property=\"og:site_name\" content=\"D\u00e9m\u00e9nagement Constant\" \/>\n<meta property=\"og:image\" content=\"https:\/\/demenagementconstant.ca\/wp-content\/uploads\/2018\/10\/logo-demenagement-constant.png\" \/>\n\t<meta property=\"og:image:width\" content=\"1521\" \/>\n\t<meta property=\"og:image:height\" content=\"365\" \/>\n\t<meta property=\"og:image:type\" content=\"image\/png\" \/>\n<meta name=\"twitter:card\" content=\"summary_large_image\" \/>\n<meta name=\"twitter:label1\" content=\"Est. reading time\" \/>\n\t<meta name=\"twitter:data1\" content=\"3 minutes\" \/>\n<script type=\"application\/ld+json\" class=\"yoast-schema-graph\">{\"@context\":\"https:\/\/schema.org\",\"@graph\":[{\"@type\":\"WebPage\",\"@id\":\"https:\/\/demenagementconstant.ca\/en\/privacy-policy\/\",\"url\":\"https:\/\/demenagementconstant.ca\/en\/privacy-policy\/\",\"name\":\"Privacy policy - D\u00e9m\u00e9nagement Constant\",\"isPartOf\":{\"@id\":\"https:\/\/demenagementconstant.ca\/#website\"},\"datePublished\":\"2019-03-27T01:31:00+00:00\",\"description\":\"Who are we The address of our website is: https:\/\/demenagementconstant.ca. What personal data is kept and why comments When you leave a comment on our\",\"breadcrumb\":{\"@id\":\"https:\/\/demenagementconstant.ca\/en\/privacy-policy\/#breadcrumb\"},\"inLanguage\":\"en-CA\",\"potentialAction\":[{\"@type\":\"ReadAction\",\"target\":[\"https:\/\/demenagementconstant.ca\/en\/privacy-policy\/\"]}]},{\"@type\":\"BreadcrumbList\",\"@id\":\"https:\/\/demenagementconstant.ca\/en\/privacy-policy\/#breadcrumb\",\"itemListElement\":[{\"@type\":\"ListItem\",\"position\":1,\"name\":\"Accueil\",\"item\":\"https:\/\/demenagementconstant.ca\/\"},{\"@type\":\"ListItem\",\"position\":2,\"name\":\"Privacy policy\"}]},{\"@type\":\"WebSite\",\"@id\":\"https:\/\/demenagementconstant.ca\/#website\",\"url\":\"https:\/\/demenagementconstant.ca\/\",\"name\":\"D\u00e9m\u00e9nagement Constant\",\"description\":\"D\u00e9m\u00e9nagement \u00e0 Montr\u00e9al selon votre budjet\",\"publisher\":{\"@id\":\"https:\/\/demenagementconstant.ca\/#organization\"},\"alternateName\":\"D\u00e9m\u00e9nagement abordable sur la Rive-Sud\",\"potentialAction\":[{\"@type\":\"SearchAction\",\"target\":{\"@type\":\"EntryPoint\",\"urlTemplate\":\"https:\/\/demenagementconstant.ca\/?s={search_term_string}\"},\"query-input\":{\"@type\":\"PropertyValueSpecification\",\"valueRequired\":true,\"valueName\":\"search_term_string\"}}],\"inLanguage\":\"en-CA\"},{\"@type\":\"Organization\",\"@id\":\"https:\/\/demenagementconstant.ca\/#organization\",\"name\":\"D\u00e9m\u00e9nagement Constant\",\"alternateName\":\"D\u00e9m\u00e9nagement Constant Rive-Sud\",\"url\":\"https:\/\/demenagementconstant.ca\/\",\"logo\":{\"@type\":\"ImageObject\",\"inLanguage\":\"en-CA\",\"@id\":\"https:\/\/demenagementconstant.ca\/#\/schema\/logo\/image\/\",\"url\":\"https:\/\/demenagementconstant.ca\/wp-content\/uploads\/2018\/10\/logo-demenagement-constant.png\",\"contentUrl\":\"https:\/\/demenagementconstant.ca\/wp-content\/uploads\/2018\/10\/logo-demenagement-constant.png\",\"width\":1521,\"height\":365,\"caption\":\"D\u00e9m\u00e9nagement Constant\"},\"image\":{\"@id\":\"https:\/\/demenagementconstant.ca\/#\/schema\/logo\/image\/\"}}]}<\/script>\n<!-- \/ Yoast SEO plugin. -->","yoast_head_json":{"title":"Privacy policy - D\u00e9m\u00e9nagement Constant","description":"Who are we The address of our website is: https:\/\/demenagementconstant.ca. What personal data is kept and why comments When you leave a comment on our","robots":{"index":"index","follow":"follow","max-snippet":"max-snippet:-1","max-image-preview":"max-image-preview:large","max-video-preview":"max-video-preview:-1"},"canonical":"https:\/\/demenagementconstant.ca\/en\/privacy-policy\/","og_locale":"en_US","og_type":"article","og_title":"Privacy policy - D\u00e9m\u00e9nagement Constant","og_description":"Who are we The address of our website is: https:\/\/demenagementconstant.ca. What personal data is kept and why comments When you leave a comment on our","og_url":"https:\/\/demenagementconstant.ca\/en\/privacy-policy\/","og_site_name":"D\u00e9m\u00e9nagement Constant","og_image":[{"width":1521,"height":365,"url":"https:\/\/demenagementconstant.ca\/wp-content\/uploads\/2018\/10\/logo-demenagement-constant.png","type":"image\/png"}],"twitter_card":"summary_large_image","twitter_misc":{"Est. reading time":"3 minutes"},"schema":{"@context":"https:\/\/schema.org","@graph":[{"@type":"WebPage","@id":"https:\/\/demenagementconstant.ca\/en\/privacy-policy\/","url":"https:\/\/demenagementconstant.ca\/en\/privacy-policy\/","name":"Privacy policy - D\u00e9m\u00e9nagement Constant","isPartOf":{"@id":"https:\/\/demenagementconstant.ca\/#website"},"datePublished":"2019-03-27T01:31:00+00:00","description":"Who are we The address of our website is: https:\/\/demenagementconstant.ca. What personal data is kept and why comments When you leave a comment on our","breadcrumb":{"@id":"https:\/\/demenagementconstant.ca\/en\/privacy-policy\/#breadcrumb"},"inLanguage":"en-CA","potentialAction":[{"@type":"ReadAction","target":["https:\/\/demenagementconstant.ca\/en\/privacy-policy\/"]}]},{"@type":"BreadcrumbList","@id":"https:\/\/demenagementconstant.ca\/en\/privacy-policy\/#breadcrumb","itemListElement":[{"@type":"ListItem","position":1,"name":"Accueil","item":"https:\/\/demenagementconstant.ca\/"},{"@type":"ListItem","position":2,"name":"Privacy policy"}]},{"@type":"WebSite","@id":"https:\/\/demenagementconstant.ca\/#website","url":"https:\/\/demenagementconstant.ca\/","name":"D\u00e9m\u00e9nagement Constant","description":"D\u00e9m\u00e9nagement \u00e0 Montr\u00e9al selon votre budjet","publisher":{"@id":"https:\/\/demenagementconstant.ca\/#organization"},"alternateName":"D\u00e9m\u00e9nagement abordable sur la Rive-Sud","potentialAction":[{"@type":"SearchAction","target":{"@type":"EntryPoint","urlTemplate":"https:\/\/demenagementconstant.ca\/?s={search_term_string}"},"query-input":{"@type":"PropertyValueSpecification","valueRequired":true,"valueName":"search_term_string"}}],"inLanguage":"en-CA"},{"@type":"Organization","@id":"https:\/\/demenagementconstant.ca\/#organization","name":"D\u00e9m\u00e9nagement Constant","alternateName":"D\u00e9m\u00e9nagement Constant Rive-Sud","url":"https:\/\/demenagementconstant.ca\/","logo":{"@type":"ImageObject","inLanguage":"en-CA","@id":"https:\/\/demenagementconstant.ca\/#\/schema\/logo\/image\/","url":"https:\/\/demenagementconstant.ca\/wp-content\/uploads\/2018\/10\/logo-demenagement-constant.png","contentUrl":"https:\/\/demenagementconstant.ca\/wp-content\/uploads\/2018\/10\/logo-demenagement-constant.png","width":1521,"height":365,"caption":"D\u00e9m\u00e9nagement Constant"},"image":{"@id":"https:\/\/demenagementconstant.ca\/#\/schema\/logo\/image\/"}}]}},"_links":{"self":[{"href":"https:\/\/demenagementconstant.ca\/en\/wp-json\/wp\/v2\/pages\/952","targetHints":{"allow":["GET"]}}],"collection":[{"href":"https:\/\/demenagementconstant.ca\/en\/wp-json\/wp\/v2\/pages"}],"about":[{"href":"https:\/\/demenagementconstant.ca\/en\/wp-json\/wp\/v2\/types\/page"}],"author":[{"embeddable":true,"href":"https:\/\/demenagementconstant.ca\/en\/wp-json\/wp\/v2\/users\/2"}],"replies":[{"embeddable":true,"href":"https:\/\/demenagementconstant.ca\/en\/wp-json\/wp\/v2\/comments?post=952"}],"version-history":[{"count":1,"href":"https:\/\/demenagementconstant.ca\/en\/wp-json\/wp\/v2\/pages\/952\/revisions"}],"predecessor-version":[{"id":953,"href":"https:\/\/demenagementconstant.ca\/en\/wp-json\/wp\/v2\/pages\/952\/revisions\/953"}],"wp:attachment":[{"href":"https:\/\/demenagementconstant.ca\/en\/wp-json\/wp\/v2\/media?parent=952"}],"curies":[{"name":"wp","href":"https:\/\/api.w.org\/{rel}","templated":true}]}}