{"id":728,"date":"2019-03-25T16:35:10","date_gmt":"2019-03-25T20:35:10","guid":{"rendered":"https:\/\/demenagementconstant.ca\/?page_id=728"},"modified":"2020-08-26T10:08:04","modified_gmt":"2020-08-26T14:08:04","slug":"blog","status":"publish","type":"page","link":"https:\/\/demenagementconstant.ca\/en\/blog\/","title":{"rendered":"Blog"},"content":{"rendered":"<p>[et_pb_section fb_built=&#8221;1&#8243; fullwidth=&#8221;on&#8221; admin_label=&#8221;Hero&#8221; _builder_version=&#8221;3.22&#8243; background_color=&#8221;#2d2d2d&#8221; use_background_color_gradient=&#8221;on&#8221; background_color_gradient_start=&#8221;rgba(25,36,45,0.7)&#8221; background_color_gradient_end=&#8221;#19242d&#8221; background_color_gradient_direction=&#8221;140deg&#8221; background_color_gradient_overlays_image=&#8221;on&#8221; background_image=&#8221;https:\/\/demenagementconstant.ca\/wp-content\/uploads\/2018\/11\/d\u00e9m\u00e9nageurs-pas-cher.jpg&#8221; custom_padding=&#8221;||||true&#8221;][et_pb_fullwidth_header title=&#8221;OUR MOVING TIPS&#8221; text_orientation=&#8221;center&#8221; logo_image_url=&#8221;https:\/\/demenagementconstant.ca\/wp-content\/uploads\/2018\/11\/6.png&#8221; _builder_version=&#8221;3.17.6&#8243; content_font=&#8221;||||||||&#8221; content_font_size=&#8221;18px&#8221; content_line_height=&#8221;2em&#8221; background_color=&#8221;rgba(0,0,0,0)&#8221; custom_button_one=&#8221;on&#8221; button_one_text_size=&#8221;16px&#8221; button_one_text_color=&#8221;#ffffff&#8221; button_one_bg_color=&#8221;#e0aa25&#8243; button_one_border_width=&#8221;8px&#8221; button_one_border_color=&#8221;rgba(0,0,0,0)&#8221; button_one_border_radius=&#8221;0px&#8221; button_one_letter_spacing=&#8221;3px&#8221; button_one_font=&#8221;Montserrat|||on|||||&#8221; button_one_use_icon=&#8221;off&#8221; custom_button_two=&#8221;on&#8221; button_two_text_size=&#8221;16px&#8221; button_two_text_color=&#8221;#ffffff&#8221; button_two_bg_color=&#8221;#e0aa25&#8243; button_two_border_width=&#8221;8px&#8221; button_two_border_color=&#8221;rgba(0,0,0,0)&#8221; button_two_border_radius=&#8221;0px&#8221; button_two_letter_spacing=&#8221;3px&#8221; button_two_font=&#8221;Montserrat|||on|||||&#8221; button_two_use_icon=&#8221;off&#8221; custom_padding=&#8221;||80px||false&#8221; title_font_size_tablet=&#8221;46px&#8221; title_font_size_phone=&#8221;36px&#8221; title_font_size_last_edited=&#8221;on|phone&#8221; content_font_size_tablet=&#8221;&#8221; content_font_size_phone=&#8221;15px&#8221; content_font_size_last_edited=&#8221;on|phone&#8221; button_one_border_radius_hover=&#8221;0px&#8221; button_two_border_radius_hover=&#8221;0px&#8221; button_one_letter_spacing_hover=&#8221;3px&#8221; button_two_letter_spacing_hover=&#8221;3px&#8221; button_one_bg_color_hover=&#8221;rgba(193,62,51,0.9)&#8221; button_two_bg_color_hover=&#8221;rgba(193,62,51,0.9)&#8221; button_one_text_size__hover_enabled=&#8221;off&#8221; button_two_text_size__hover_enabled=&#8221;off&#8221; button_one_text_color__hover_enabled=&#8221;off&#8221; button_two_text_color__hover_enabled=&#8221;off&#8221; button_one_border_width__hover_enabled=&#8221;off&#8221; button_two_border_width__hover_enabled=&#8221;off&#8221; button_one_border_color__hover_enabled=&#8221;off&#8221; button_two_border_color__hover_enabled=&#8221;off&#8221; button_one_border_radius__hover_enabled=&#8221;on&#8221; button_one_border_radius__hover=&#8221;0px&#8221; button_two_border_radius__hover_enabled=&#8221;on&#8221; button_two_border_radius__hover=&#8221;0px&#8221; button_one_letter_spacing__hover_enabled=&#8221;on&#8221; button_one_letter_spacing__hover=&#8221;3px&#8221; button_two_letter_spacing__hover_enabled=&#8221;on&#8221; button_two_letter_spacing__hover=&#8221;3px&#8221; button_one_bg_color__hover_enabled=&#8221;on&#8221; button_one_bg_color__hover=&#8221;rgba(193,62,51,0.9)&#8221; button_two_bg_color__hover_enabled=&#8221;on&#8221; button_two_bg_color__hover=&#8221;rgba(193,62,51,0.9)&#8221;][\/et_pb_fullwidth_header][\/et_pb_section][et_pb_section fb_built=&#8221;1&#8243; admin_label=&#8221;Blog Section&#8221; _builder_version=&#8221;3.22&#8243; custom_padding=&#8221;50.625px|0px|140px|0px|false|false&#8221;][et_pb_row _builder_version=&#8221;3.25&#8243;][et_pb_column type=&#8221;4_4&#8243; _builder_version=&#8221;3.25&#8243; custom_padding=&#8221;|||&#8221; custom_padding__hover=&#8221;|||&#8221;][et_pb_blog fullwidth=&#8221;off&#8221; posts_number=&#8221;6&#8243; show_author=&#8221;off&#8221; _builder_version=&#8221;4.4.4&#8243; header_level=&#8221;h4&#8243; header_font=&#8221;Oswald|500||on|||||&#8221; header_font_size=&#8221;16px&#8221; header_line_height=&#8221;1.5em&#8221; body_font=&#8221;||||||||&#8221; body_font_size=&#8221;16px&#8221; body_line_height=&#8221;2em&#8221; meta_font=&#8221;|700||on|||||&#8221; meta_text_color=&#8221;#91c23e&#8221; meta_font_size=&#8221;11px&#8221; meta_letter_spacing=&#8221;2px&#8221; meta_line_height=&#8221;1.5em&#8221; pagination_font=&#8221;|700||on|||||&#8221; pagination_text_color=&#8221;#91c23e&#8221; pagination_font_size=&#8221;14px&#8221; pagination_letter_spacing=&#8221;4px&#8221; hover_enabled=&#8221;0&#8243; body_font_size_tablet=&#8221;15px&#8221; body_font_size_phone=&#8221;&#8221; body_font_size_last_edited=&#8221;on|desktop&#8221; border_width_all=&#8221;0px&#8221; box_shadow_style=&#8221;preset3&#8243; box_shadow_vertical=&#8221;2px&#8221; box_shadow_blur=&#8221;16px&#8221; box_shadow_spread=&#8221;-10px&#8221; show_more=&#8221;on&#8221;][\/et_pb_blog][\/et_pb_column][\/et_pb_row][\/et_pb_section][et_pb_section fb_built=&#8221;1&#8243; specialty=&#8221;on&#8221; padding_right_2=&#8221;10%&#8221; padding_2_tablet=&#8221;|10%||10%||true&#8221; padding_2_phone=&#8221;&#8221; padding_2_last_edited=&#8221;on|tablet&#8221; admin_label=&#8221;Footer&#8221; module_id=&#8221;Footer&#8221; _builder_version=&#8221;3.22&#8243; background_color=&#8221;#2d2d2d&#8221; use_background_color_gradient=&#8221;on&#8221; background_color_gradient_start=&#8221;#19242d&#8221; background_color_gradient_end=&#8221;rgba(25,36,45,0.7)&#8221; background_color_gradient_overlays_image=&#8221;on&#8221; background_image=&#8221;https:\/\/demenagementconstant.ca\/wp-content\/uploads\/2018\/10\/demenagement-montreal.jpg&#8221; inner_width=&#8221;100%&#8221; inner_max_width=&#8221;100%&#8221; custom_margin=&#8221;0px|||&#8221; custom_padding=&#8221;0|0px|80px|0px|false|false&#8221; use_custom_width=&#8221;on&#8221; width_unit=&#8221;off&#8221; custom_width_percent=&#8221;100%&#8221; saved_tabs=&#8221;all&#8221;][et_pb_column type=&#8221;1_2&#8243; specialty_columns=&#8221;2&#8243; _builder_version=&#8221;3.25&#8243; custom_padding=&#8221;|||&#8221; parallax__hover=&#8221;off&#8221; parallax_method__hover=&#8221;on&#8221; custom_padding__hover=&#8221;|||&#8221;][et_pb_row_inner custom_padding_last_edited=&#8221;on|tablet&#8221; _builder_version=&#8221;3.25&#8243; background_color=&#8221;#91c23e&#8221; custom_margin=&#8221;-60px|||&#8221; custom_padding=&#8221;80px|10%|80px|20%|true|false&#8221; custom_padding_tablet=&#8221;|10%||10%||true&#8221; custom_padding_phone=&#8221;&#8221; animation_style=&#8221;fold&#8221; animation_direction=&#8221;left&#8221; animation_intensity_fold=&#8221;20%&#8221;][et_pb_column_inner saved_specialty_column_type=&#8221;1_2&#8243; _builder_version=&#8221;3.25&#8243; custom_padding=&#8221;|||&#8221; parallax__hover=&#8221;off&#8221; parallax_method__hover=&#8221;on&#8221; custom_padding__hover=&#8221;|||&#8221;][et_pb_text _builder_version=&#8221;3.27.4&#8243; text_font=&#8221;|700|||||||&#8221; text_text_color=&#8221;#ffffff&#8221; link_font=&#8221;||||||||&#8221; link_text_color=&#8221;#ffffff&#8221; header_font=&#8221;||||||||&#8221; header_5_font=&#8221;Oswald|||on|||||&#8221; header_5_text_color=&#8221;rgba(255,255,255,0.4)&#8221; header_5_letter_spacing=&#8221;2px&#8221; header_5_line_height=&#8221;1.4em&#8221; background_layout=&#8221;dark&#8221; locked=&#8221;off&#8221;]<\/p>\n<h3>CONTACT US<\/h3>\n<p><a href=\"tel:+15142203505\">(514) 220-3505<\/a><br \/><a href=\"mailto:demconstant@gmail.com\">demconstant@gmail.com<\/a><\/p>\n<p>Montr\u00e9al, QC<\/p>\n<p>[\/et_pb_text][et_pb_text _builder_version=&#8221;4.4.4&#8243; text_font=&#8221;|700|||||||&#8221; text_text_color=&#8221;#ffffff&#8221; text_line_height=&#8221;2em&#8221; link_font=&#8221;||||||||&#8221; link_text_color=&#8221;#ffffff&#8221; header_font=&#8221;||||||||&#8221; header_5_font=&#8221;Oswald|||on|||||&#8221; header_5_text_color=&#8221;rgba(255,255,255,0.4)&#8221; header_5_letter_spacing=&#8221;2px&#8221; header_5_line_height=&#8221;1.4em&#8221; background_layout=&#8221;dark&#8221; hover_enabled=&#8221;0&#8243; locked=&#8221;off&#8221;]<\/p>\n<h3>OPENING HOURS<\/h3>\n<p>Monday to Friday 7:00 \u2013 18:00<\/p>\n<p>Saturday 7:00 \u2013 15:00<\/p>\n<p>[\/et_pb_text][et_pb_text _builder_version=&#8221;3.27.4&#8243; text_font=&#8221;|700|||||||&#8221; text_text_color=&#8221;#ffffff&#8221; text_line_height=&#8221;2em&#8221; link_font=&#8221;||||||||&#8221; link_text_color=&#8221;#ffffff&#8221; header_font=&#8221;||||||||&#8221; header_5_font=&#8221;Oswald|||on|||||&#8221; header_5_text_color=&#8221;rgba(255,255,255,0.4)&#8221; header_5_letter_spacing=&#8221;2px&#8221; header_5_line_height=&#8221;1.4em&#8221; background_layout=&#8221;dark&#8221; locked=&#8221;off&#8221;][\/et_pb_text][\/et_pb_column_inner][\/et_pb_row_inner][et_pb_row_inner custom_padding_last_edited=&#8221;on|tablet&#8221; disabled_on=&#8221;on|on|on&#8221; _builder_version=&#8221;3.25&#8243; background_color=&#8221;#91c23e&#8221; custom_padding_tablet=&#8221;&#8221; custom_padding_phone=&#8221;&#8221; animation_style=&#8221;fold&#8221; animation_direction=&#8221;left&#8221; animation_intensity_fold=&#8221;20%&#8221;][et_pb_column_inner saved_specialty_column_type=&#8221;1_2&#8243; _builder_version=&#8221;3.25&#8243; custom_padding=&#8221;|||&#8221; parallax__hover=&#8221;off&#8221; parallax_method__hover=&#8221;on&#8221; custom_padding__hover=&#8221;|||&#8221;][et_pb_social_media_follow disabled_on=&#8221;on|on|on&#8221; _builder_version=&#8221;3.17.6&#8243; text_orientation=&#8221;center&#8221; border_radii=&#8221;on|0px|0px|0px|0px&#8221;][et_pb_social_media_follow_network social_network=&#8221;facebook&#8221; _builder_version=&#8221;3.10.1&#8243; background_color=&#8221;rgba(0,0,0,0.15)&#8221; custom_margin=&#8221;4px|4px|4px|4px|true|true&#8221; custom_padding=&#8221;4px|4px|4px|4px|true|true&#8221; follow_button=&#8221;off&#8221; url_new_window=&#8221;on&#8221;]facebook[\/et_pb_social_media_follow_network][et_pb_social_media_follow_network social_network=&#8221;twitter&#8221; _builder_version=&#8221;3.10.1&#8243; background_color=&#8221;rgba(0,0,0,0.15)&#8221; custom_margin=&#8221;4px|4px|4px|4px|true|true&#8221; custom_padding=&#8221;4px|4px|4px|4px|true|true&#8221; follow_button=&#8221;off&#8221; url_new_window=&#8221;on&#8221;]twitter[\/et_pb_social_media_follow_network][et_pb_social_media_follow_network social_network=&#8221;instagram&#8221; _builder_version=&#8221;3.10.1&#8243; background_color=&#8221;rgba(0,0,0,0.15)&#8221; custom_margin=&#8221;4px|4px|4px|4px|true|true&#8221; custom_padding=&#8221;4px|4px|4px|4px|true|true&#8221; follow_button=&#8221;off&#8221; url_new_window=&#8221;on&#8221;]instagram[\/et_pb_social_media_follow_network][\/et_pb_social_media_follow][\/et_pb_column_inner][\/et_pb_row_inner][\/et_pb_column][et_pb_column type=&#8221;1_2&#8243; _builder_version=&#8221;3.25&#8243; custom_padding=&#8221;|||&#8221; padding_tablet__hover=&#8221;|10%||10%||true&#8221; padding_last_edited__hover=&#8221;on|tablet&#8221; padding_right__hover=&#8221;10%&#8221; parallax__hover=&#8221;off&#8221; parallax_method__hover=&#8221;on&#8221; custom_padding__hover=&#8221;|||&#8221;][et_pb_text _builder_version=&#8221;3.27.4&#8243; text_font=&#8221;||||||||&#8221; background_layout=&#8221;dark&#8221;]<\/p>\n<h3>CONTACT US<\/h3>\n<p>[\/et_pb_text][et_pb_code _builder_version=&#8221;3.17.6&#8243;]<\/p>\n<div class=\"et_pb_contact\"><!-- [et_pb_line_break_holder] --> \n<div class=\"wpcf7 no-js\" id=\"wpcf7-f107-o1\" lang=\"fr-CA\" dir=\"ltr\" data-wpcf7-id=\"107\">\n<div class=\"screen-reader-response\"><p role=\"status\" aria-live=\"polite\" aria-atomic=\"true\"><\/p> <ul><\/ul><\/div>\n<form action=\"\/en\/wp-json\/wp\/v2\/pages\/728#wpcf7-f107-o1\" method=\"post\" class=\"wpcf7-form init\" aria-label=\"Contact form\" novalidate=\"novalidate\" data-status=\"init\">\n<fieldset class=\"hidden-fields-container\"><input type=\"hidden\" name=\"_wpcf7\" value=\"107\" \/><input type=\"hidden\" name=\"_wpcf7_version\" value=\"6.1.5\" \/><input type=\"hidden\" name=\"_wpcf7_locale\" value=\"fr_CA\" \/><input type=\"hidden\" name=\"_wpcf7_unit_tag\" value=\"wpcf7-f107-o1\" \/><input type=\"hidden\" name=\"_wpcf7_container_post\" value=\"0\" \/><input type=\"hidden\" name=\"_wpcf7_posted_data_hash\" value=\"\" \/>\n<\/fieldset>\n<p><label> <span class=\"wpcf7-form-control-wrap\" data-name=\"your-name\"><input size=\"40\" maxlength=\"400\" class=\"wpcf7-form-control wpcf7-text wpcf7-validates-as-required\" aria-required=\"true\" aria-invalid=\"false\" placeholder=\"Votre Nom*\" value=\"\" type=\"text\" name=\"your-name\" \/><\/span> <\/label>\n<\/p>\n<p><label> <span class=\"wpcf7-form-control-wrap\" data-name=\"your-email\"><input size=\"40\" maxlength=\"400\" class=\"wpcf7-form-control wpcf7-email wpcf7-validates-as-required wpcf7-text wpcf7-validates-as-email\" aria-required=\"true\" aria-invalid=\"false\" placeholder=\"Votre courriel*\" value=\"\" type=\"email\" name=\"your-email\" \/><\/span> <\/label>\n<\/p>\n<p><label><span class=\"wpcf7-form-control-wrap\" data-name=\"your-type\"><select class=\"wpcf7-form-control wpcf7-select wpcf7-validates-as-required\" aria-required=\"true\" aria-invalid=\"false\" name=\"your-type\"><option value=\"R\u00e9sidentiel\">R\u00e9sidentiel<\/option><option value=\"Commercial\">Commercial<\/option><option value=\"Livraison\">Livraison<\/option><\/select><\/span><\/label>\n<\/p>\n<p><label> <span class=\"wpcf7-form-control-wrap\" data-name=\"your-message\"><textarea cols=\"40\" rows=\"10\" maxlength=\"2000\" class=\"wpcf7-form-control wpcf7-textarea\" aria-invalid=\"false\" placeholder=\"Votre Message\" name=\"your-message\"><\/textarea><\/span> <\/label>\n<\/p>\n<p><input class=\"wpcf7-form-control wpcf7-submit has-spinner\" type=\"submit\" value=\"Envoyer\" \/>\n<\/p>\n<p><script>\ndocument.addEventListener( 'wpcf7mailsent', function( event ) {\n location = 'https:\/\/demenagementconstant.ca\/merci\/';\n}, false );\n<\/script>\n<\/p><input type=\"hidden\" id=\"ct_checkjs_cf7_03afdbd66e7929b125f8597834fa83a4\" name=\"ct_checkjs_cf7\" value=\"0\" \/><script >setTimeout(function(){var ct_input_name = \"ct_checkjs_cf7_03afdbd66e7929b125f8597834fa83a4\";if (document.getElementById(ct_input_name) !== null) {var ct_input_value = document.getElementById(ct_input_name).value;document.getElementById(ct_input_name).value = document.getElementById(ct_input_name).value.replace(ct_input_value, '51ba36c6228b6bcf130fc522a9fbb981d71df6101ab5adb3f8769014b4d913e9');}}, 1000);<\/script><input\n                    class=\"apbct_special_field apbct_email_id__wp_contact_form_7\"\n                    name=\"apbct__email_id__wp_contact_form_7\"\n                    aria-label=\"apbct__label_id__wp_contact_form_7\"\n                    type=\"text\" size=\"30\" maxlength=\"200\" autocomplete=\"off\"\n                    value=\"\"\n                \/><div class=\"wpcf7-response-output\" aria-hidden=\"true\"><\/div>\n<\/form>\n<\/div>\n<!-- [et_pb_line_break_holder] --><\/div>\n<p><!-- [et_pb_line_break_holder] -->[\/et_pb_code][\/et_pb_column][\/et_pb_section]<\/p>\n","protected":false},"excerpt":{"rendered":"<p>CONTACT US (514) 220-3505demconstant@gmail.com Montr\u00e9al, QCOPENING HOURS Monday to Friday 7:00 \u2013 18:00 Saturday 7:00 \u2013 15:00CONTACT US \n<div class=\"wpcf7 no-js\" id=\"wpcf7-f107-o2\" lang=\"fr-CA\" dir=\"ltr\" data-wpcf7-id=\"107\">\n<div class=\"screen-reader-response\"><p role=\"status\" aria-live=\"polite\" aria-atomic=\"true\"><\/p> <ul><\/ul><\/div>\n<form action=\"\/en\/wp-json\/wp\/v2\/pages\/728#wpcf7-f107-o2\" method=\"post\" class=\"wpcf7-form init\" aria-label=\"Contact form\" novalidate=\"novalidate\" data-status=\"init\">\n<fieldset class=\"hidden-fields-container\"><input type=\"hidden\" name=\"_wpcf7\" value=\"107\" \/><input type=\"hidden\" name=\"_wpcf7_version\" value=\"6.1.5\" \/><input type=\"hidden\" name=\"_wpcf7_locale\" value=\"fr_CA\" \/><input type=\"hidden\" name=\"_wpcf7_unit_tag\" value=\"wpcf7-f107-o2\" \/><input type=\"hidden\" name=\"_wpcf7_container_post\" value=\"0\" \/><input type=\"hidden\" name=\"_wpcf7_posted_data_hash\" value=\"\" \/>\n<\/fieldset>\n<p><label> <span class=\"wpcf7-form-control-wrap\" data-name=\"your-name\"><input size=\"40\" maxlength=\"400\" class=\"wpcf7-form-control wpcf7-text wpcf7-validates-as-required\" aria-required=\"true\" aria-invalid=\"false\" placeholder=\"Votre Nom*\" value=\"\" type=\"text\" name=\"your-name\" \/><\/span> <\/label>\n<\/p>\n<p><label> <span class=\"wpcf7-form-control-wrap\" data-name=\"your-email\"><input size=\"40\" maxlength=\"400\" class=\"wpcf7-form-control wpcf7-email wpcf7-validates-as-required wpcf7-text wpcf7-validates-as-email\" aria-required=\"true\" aria-invalid=\"false\" placeholder=\"Votre courriel*\" value=\"\" type=\"email\" name=\"your-email\" \/><\/span> <\/label>\n<\/p>\n<p><label><span class=\"wpcf7-form-control-wrap\" data-name=\"your-type\"><select class=\"wpcf7-form-control wpcf7-select wpcf7-validates-as-required\" aria-required=\"true\" aria-invalid=\"false\" name=\"your-type\"><option value=\"R\u00e9sidentiel\">R\u00e9sidentiel<\/option><option value=\"Commercial\">Commercial<\/option><option value=\"Livraison\">Livraison<\/option><\/select><\/span><\/label>\n<\/p>\n<p><label> <span class=\"wpcf7-form-control-wrap\" data-name=\"your-message\"><textarea cols=\"40\" rows=\"10\" maxlength=\"2000\" class=\"wpcf7-form-control wpcf7-textarea\" aria-invalid=\"false\" placeholder=\"Votre Message\" name=\"your-message\"><\/textarea><\/span> <\/label>\n<\/p>\n<p><input class=\"wpcf7-form-control wpcf7-submit has-spinner\" type=\"submit\" value=\"Envoyer\" \/>\n<\/p>\n<p><script>\ndocument.addEventListener( 'wpcf7mailsent', function( event ) {\n location = 'https:\/\/demenagementconstant.ca\/merci\/';\n}, false );\n<\/script>\n<\/p><input type=\"hidden\" id=\"ct_checkjs_cf7_6855456e2fe46a9d49d3d3af4f57443d\" name=\"ct_checkjs_cf7\" value=\"0\" \/><script >setTimeout(function(){var ct_input_name = \"ct_checkjs_cf7_6855456e2fe46a9d49d3d3af4f57443d\";if (document.getElementById(ct_input_name) !== null) {var ct_input_value = document.getElementById(ct_input_name).value;document.getElementById(ct_input_name).value = document.getElementById(ct_input_name).value.replace(ct_input_value, '51ba36c6228b6bcf130fc522a9fbb981d71df6101ab5adb3f8769014b4d913e9');}}, 1000);<\/script><input\n                    class=\"apbct_special_field apbct_email_id__wp_contact_form_7\"\n                    name=\"apbct__email_id__wp_contact_form_7\"\n                    aria-label=\"apbct__label_id__wp_contact_form_7\"\n                    type=\"text\" size=\"30\" maxlength=\"200\" autocomplete=\"off\"\n                    value=\"\"\n                \/><div class=\"wpcf7-response-output\" aria-hidden=\"true\"><\/div>\n<\/form>\n<\/div>\n<\/p>\n","protected":false},"author":2,"featured_media":0,"parent":0,"menu_order":0,"comment_status":"closed","ping_status":"closed","template":"","meta":{"_et_pb_use_builder":"on","_et_pb_old_content":"","_et_gb_content_width":"","footnotes":""},"class_list":["post-728","page","type-page","status-publish","hentry"],"yoast_head":"<!-- This site is optimized with the Yoast SEO plugin v27.2 - https:\/\/yoast.com\/product\/yoast-seo-wordpress\/ -->\n<title>Moving Tips | D\u00e9m\u00e9nagement Constant<\/title>\n<meta name=\"robots\" content=\"index, follow, max-snippet:-1, max-image-preview:large, max-video-preview:-1\" \/>\n<link rel=\"canonical\" href=\"https:\/\/demenagementconstant.ca\/en\/blog\/\" \/>\n<meta property=\"og:locale\" content=\"en_US\" \/>\n<meta property=\"og:type\" content=\"article\" \/>\n<meta property=\"og:title\" content=\"Moving Tips | D\u00e9m\u00e9nagement Constant\" \/>\n<meta property=\"og:url\" content=\"https:\/\/demenagementconstant.ca\/en\/blog\/\" \/>\n<meta property=\"og:site_name\" content=\"D\u00e9m\u00e9nagement Constant\" \/>\n<meta property=\"article:modified_time\" content=\"2020-08-26T14:08:04+00:00\" \/>\n<meta property=\"og:image\" content=\"https:\/\/demenagementconstant.ca\/wp-content\/uploads\/2018\/10\/logo-demenagement-constant.png\" \/>\n\t<meta property=\"og:image:width\" content=\"1521\" \/>\n\t<meta property=\"og:image:height\" content=\"365\" \/>\n\t<meta property=\"og:image:type\" content=\"image\/png\" \/>\n<meta name=\"twitter:card\" content=\"summary_large_image\" \/>\n<meta name=\"twitter:label1\" content=\"Est. reading time\" \/>\n\t<meta name=\"twitter:data1\" content=\"6 minutes\" \/>\n<script type=\"application\/ld+json\" class=\"yoast-schema-graph\">{\"@context\":\"https:\/\/schema.org\",\"@graph\":[{\"@type\":\"WebPage\",\"@id\":\"https:\/\/demenagementconstant.ca\/en\/blog\/\",\"url\":\"https:\/\/demenagementconstant.ca\/en\/blog\/\",\"name\":\"Moving Tips | D\u00e9m\u00e9nagement Constant\",\"isPartOf\":{\"@id\":\"https:\/\/demenagementconstant.ca\/#website\"},\"datePublished\":\"2019-03-25T20:35:10+00:00\",\"dateModified\":\"2020-08-26T14:08:04+00:00\",\"breadcrumb\":{\"@id\":\"https:\/\/demenagementconstant.ca\/en\/blog\/#breadcrumb\"},\"inLanguage\":\"en-CA\",\"potentialAction\":[{\"@type\":\"ReadAction\",\"target\":[\"https:\/\/demenagementconstant.ca\/en\/blog\/\"]}]},{\"@type\":\"BreadcrumbList\",\"@id\":\"https:\/\/demenagementconstant.ca\/en\/blog\/#breadcrumb\",\"itemListElement\":[{\"@type\":\"ListItem\",\"position\":1,\"name\":\"Accueil\",\"item\":\"https:\/\/demenagementconstant.ca\/\"},{\"@type\":\"ListItem\",\"position\":2,\"name\":\"Blog\"}]},{\"@type\":\"WebSite\",\"@id\":\"https:\/\/demenagementconstant.ca\/#website\",\"url\":\"https:\/\/demenagementconstant.ca\/\",\"name\":\"D\u00e9m\u00e9nagement Constant\",\"description\":\"D\u00e9m\u00e9nagement \u00e0 Montr\u00e9al selon votre budjet\",\"publisher\":{\"@id\":\"https:\/\/demenagementconstant.ca\/#organization\"},\"alternateName\":\"D\u00e9m\u00e9nagement abordable sur la Rive-Sud\",\"potentialAction\":[{\"@type\":\"SearchAction\",\"target\":{\"@type\":\"EntryPoint\",\"urlTemplate\":\"https:\/\/demenagementconstant.ca\/?s={search_term_string}\"},\"query-input\":{\"@type\":\"PropertyValueSpecification\",\"valueRequired\":true,\"valueName\":\"search_term_string\"}}],\"inLanguage\":\"en-CA\"},{\"@type\":\"Organization\",\"@id\":\"https:\/\/demenagementconstant.ca\/#organization\",\"name\":\"D\u00e9m\u00e9nagement Constant\",\"alternateName\":\"D\u00e9m\u00e9nagement Constant Rive-Sud\",\"url\":\"https:\/\/demenagementconstant.ca\/\",\"logo\":{\"@type\":\"ImageObject\",\"inLanguage\":\"en-CA\",\"@id\":\"https:\/\/demenagementconstant.ca\/#\/schema\/logo\/image\/\",\"url\":\"https:\/\/demenagementconstant.ca\/wp-content\/uploads\/2018\/10\/logo-demenagement-constant.png\",\"contentUrl\":\"https:\/\/demenagementconstant.ca\/wp-content\/uploads\/2018\/10\/logo-demenagement-constant.png\",\"width\":1521,\"height\":365,\"caption\":\"D\u00e9m\u00e9nagement Constant\"},\"image\":{\"@id\":\"https:\/\/demenagementconstant.ca\/#\/schema\/logo\/image\/\"}}]}<\/script>\n<!-- \/ Yoast SEO plugin. -->","yoast_head_json":{"title":"Moving Tips | D\u00e9m\u00e9nagement Constant","robots":{"index":"index","follow":"follow","max-snippet":"max-snippet:-1","max-image-preview":"max-image-preview:large","max-video-preview":"max-video-preview:-1"},"canonical":"https:\/\/demenagementconstant.ca\/en\/blog\/","og_locale":"en_US","og_type":"article","og_title":"Moving Tips | D\u00e9m\u00e9nagement Constant","og_url":"https:\/\/demenagementconstant.ca\/en\/blog\/","og_site_name":"D\u00e9m\u00e9nagement Constant","article_modified_time":"2020-08-26T14:08:04+00:00","og_image":[{"width":1521,"height":365,"url":"https:\/\/demenagementconstant.ca\/wp-content\/uploads\/2018\/10\/logo-demenagement-constant.png","type":"image\/png"}],"twitter_card":"summary_large_image","twitter_misc":{"Est. reading time":"6 minutes"},"schema":{"@context":"https:\/\/schema.org","@graph":[{"@type":"WebPage","@id":"https:\/\/demenagementconstant.ca\/en\/blog\/","url":"https:\/\/demenagementconstant.ca\/en\/blog\/","name":"Moving Tips | D\u00e9m\u00e9nagement Constant","isPartOf":{"@id":"https:\/\/demenagementconstant.ca\/#website"},"datePublished":"2019-03-25T20:35:10+00:00","dateModified":"2020-08-26T14:08:04+00:00","breadcrumb":{"@id":"https:\/\/demenagementconstant.ca\/en\/blog\/#breadcrumb"},"inLanguage":"en-CA","potentialAction":[{"@type":"ReadAction","target":["https:\/\/demenagementconstant.ca\/en\/blog\/"]}]},{"@type":"BreadcrumbList","@id":"https:\/\/demenagementconstant.ca\/en\/blog\/#breadcrumb","itemListElement":[{"@type":"ListItem","position":1,"name":"Accueil","item":"https:\/\/demenagementconstant.ca\/"},{"@type":"ListItem","position":2,"name":"Blog"}]},{"@type":"WebSite","@id":"https:\/\/demenagementconstant.ca\/#website","url":"https:\/\/demenagementconstant.ca\/","name":"D\u00e9m\u00e9nagement Constant","description":"D\u00e9m\u00e9nagement \u00e0 Montr\u00e9al selon votre budjet","publisher":{"@id":"https:\/\/demenagementconstant.ca\/#organization"},"alternateName":"D\u00e9m\u00e9nagement abordable sur la Rive-Sud","potentialAction":[{"@type":"SearchAction","target":{"@type":"EntryPoint","urlTemplate":"https:\/\/demenagementconstant.ca\/?s={search_term_string}"},"query-input":{"@type":"PropertyValueSpecification","valueRequired":true,"valueName":"search_term_string"}}],"inLanguage":"en-CA"},{"@type":"Organization","@id":"https:\/\/demenagementconstant.ca\/#organization","name":"D\u00e9m\u00e9nagement Constant","alternateName":"D\u00e9m\u00e9nagement Constant Rive-Sud","url":"https:\/\/demenagementconstant.ca\/","logo":{"@type":"ImageObject","inLanguage":"en-CA","@id":"https:\/\/demenagementconstant.ca\/#\/schema\/logo\/image\/","url":"https:\/\/demenagementconstant.ca\/wp-content\/uploads\/2018\/10\/logo-demenagement-constant.png","contentUrl":"https:\/\/demenagementconstant.ca\/wp-content\/uploads\/2018\/10\/logo-demenagement-constant.png","width":1521,"height":365,"caption":"D\u00e9m\u00e9nagement Constant"},"image":{"@id":"https:\/\/demenagementconstant.ca\/#\/schema\/logo\/image\/"}}]}},"_links":{"self":[{"href":"https:\/\/demenagementconstant.ca\/en\/wp-json\/wp\/v2\/pages\/728","targetHints":{"allow":["GET"]}}],"collection":[{"href":"https:\/\/demenagementconstant.ca\/en\/wp-json\/wp\/v2\/pages"}],"about":[{"href":"https:\/\/demenagementconstant.ca\/en\/wp-json\/wp\/v2\/types\/page"}],"author":[{"embeddable":true,"href":"https:\/\/demenagementconstant.ca\/en\/wp-json\/wp\/v2\/users\/2"}],"replies":[{"embeddable":true,"href":"https:\/\/demenagementconstant.ca\/en\/wp-json\/wp\/v2\/comments?post=728"}],"version-history":[{"count":5,"href":"https:\/\/demenagementconstant.ca\/en\/wp-json\/wp\/v2\/pages\/728\/revisions"}],"predecessor-version":[{"id":1883,"href":"https:\/\/demenagementconstant.ca\/en\/wp-json\/wp\/v2\/pages\/728\/revisions\/1883"}],"wp:attachment":[{"href":"https:\/\/demenagementconstant.ca\/en\/wp-json\/wp\/v2\/media?parent=728"}],"curies":[{"name":"wp","href":"https:\/\/api.w.org\/{rel}","templated":true}]}}