{"id":3546,"date":"2023-07-11T17:42:39","date_gmt":"2023-07-11T21:42:39","guid":{"rendered":"https:\/\/demenagementconstant.ca\/merci\/"},"modified":"2023-07-11T17:42:40","modified_gmt":"2023-07-11T21:42:40","slug":"merci","status":"publish","type":"page","link":"https:\/\/demenagementconstant.ca\/en\/merci\/","title":{"rendered":"Merci"},"content":{"rendered":"<p>[et_pb_section fb_built=&#8221;1&#8243; _builder_version=&#8221;3.22&#8243;][et_pb_row _builder_version=&#8221;3.25&#8243; background_size=&#8221;initial&#8221; background_position=&#8221;top_left&#8221; background_repeat=&#8221;repeat&#8221;][et_pb_column type=&#8221;4_4&#8243; _builder_version=&#8221;3.25&#8243; custom_padding=&#8221;|||&#8221; custom_padding__hover=&#8221;|||&#8221;][et_pb_text _builder_version=&#8221;4.4.4&#8243; background_size=&#8221;initial&#8221; background_position=&#8221;top_left&#8221; background_repeat=&#8221;repeat&#8221; hover_enabled=&#8221;0&#8243;]<\/p>\n<h1>Merci<\/h1>\n<p>Your message has been sent.<\/p>\n<p>Back to <a href=\"\/\">the home.<\/a>[\/et_pb_text][\/et_pb_column][\/et_pb_row][\/et_pb_section]<\/p>\n","protected":false},"excerpt":{"rendered":"<p>Merci Your message has been sent. Back to the home.<\/p>\n","protected":false},"author":4,"featured_media":0,"parent":0,"menu_order":0,"comment_status":"closed","ping_status":"closed","template":"","meta":{"_et_pb_use_builder":"on","_et_pb_old_content":"","_et_gb_content_width":"","footnotes":""},"class_list":["post-3546","page","type-page","status-publish","hentry"],"yoast_head":"<!-- This site is optimized with the Yoast SEO plugin v27.2 - https:\/\/yoast.com\/product\/yoast-seo-wordpress\/ -->\n<title>Merci - D\u00e9m\u00e9nagement Constant<\/title>\n<meta name=\"robots\" content=\"noindex, nofollow\" \/>\n<meta property=\"og:locale\" content=\"en_US\" \/>\n<meta property=\"og:type\" content=\"article\" \/>\n<meta property=\"og:title\" content=\"Merci - D\u00e9m\u00e9nagement Constant\" \/>\n<meta property=\"og:url\" content=\"https:\/\/demenagementconstant.ca\/en\/merci\/\" \/>\n<meta property=\"og:site_name\" content=\"D\u00e9m\u00e9nagement Constant\" \/>\n<meta property=\"article:modified_time\" content=\"2023-07-11T21:42:40+00:00\" \/>\n<meta property=\"og:image\" content=\"https:\/\/demenagementconstant.ca\/wp-content\/uploads\/2018\/10\/logo-demenagement-constant.png\" \/>\n\t<meta property=\"og:image:width\" content=\"1521\" \/>\n\t<meta property=\"og:image:height\" content=\"365\" \/>\n\t<meta property=\"og:image:type\" content=\"image\/png\" \/>\n<meta name=\"twitter:card\" content=\"summary_large_image\" \/>\n<script type=\"application\/ld+json\" class=\"yoast-schema-graph\">{\"@context\":\"https:\/\/schema.org\",\"@graph\":[{\"@type\":\"WebPage\",\"@id\":\"https:\/\/demenagementconstant.ca\/en\/merci\/\",\"url\":\"https:\/\/demenagementconstant.ca\/en\/merci\/\",\"name\":\"Merci - D\u00e9m\u00e9nagement Constant\",\"isPartOf\":{\"@id\":\"https:\/\/demenagementconstant.ca\/#website\"},\"datePublished\":\"2023-07-11T21:42:39+00:00\",\"dateModified\":\"2023-07-11T21:42:40+00:00\",\"breadcrumb\":{\"@id\":\"https:\/\/demenagementconstant.ca\/en\/merci\/#breadcrumb\"},\"inLanguage\":\"en-CA\",\"potentialAction\":[{\"@type\":\"ReadAction\",\"target\":[\"https:\/\/demenagementconstant.ca\/en\/merci\/\"]}]},{\"@type\":\"BreadcrumbList\",\"@id\":\"https:\/\/demenagementconstant.ca\/en\/merci\/#breadcrumb\",\"itemListElement\":[{\"@type\":\"ListItem\",\"position\":1,\"name\":\"Accueil\",\"item\":\"https:\/\/demenagementconstant.ca\/\"},{\"@type\":\"ListItem\",\"position\":2,\"name\":\"Merci\"}]},{\"@type\":\"WebSite\",\"@id\":\"https:\/\/demenagementconstant.ca\/#website\",\"url\":\"https:\/\/demenagementconstant.ca\/\",\"name\":\"D\u00e9m\u00e9nagement Constant\",\"description\":\"D\u00e9m\u00e9nagement \u00e0 Montr\u00e9al selon votre budjet\",\"publisher\":{\"@id\":\"https:\/\/demenagementconstant.ca\/#organization\"},\"alternateName\":\"D\u00e9m\u00e9nagement abordable sur la Rive-Sud\",\"potentialAction\":[{\"@type\":\"SearchAction\",\"target\":{\"@type\":\"EntryPoint\",\"urlTemplate\":\"https:\/\/demenagementconstant.ca\/?s={search_term_string}\"},\"query-input\":{\"@type\":\"PropertyValueSpecification\",\"valueRequired\":true,\"valueName\":\"search_term_string\"}}],\"inLanguage\":\"en-CA\"},{\"@type\":\"Organization\",\"@id\":\"https:\/\/demenagementconstant.ca\/#organization\",\"name\":\"D\u00e9m\u00e9nagement Constant\",\"alternateName\":\"D\u00e9m\u00e9nagement Constant Rive-Sud\",\"url\":\"https:\/\/demenagementconstant.ca\/\",\"logo\":{\"@type\":\"ImageObject\",\"inLanguage\":\"en-CA\",\"@id\":\"https:\/\/demenagementconstant.ca\/#\/schema\/logo\/image\/\",\"url\":\"https:\/\/demenagementconstant.ca\/wp-content\/uploads\/2018\/10\/logo-demenagement-constant.png\",\"contentUrl\":\"https:\/\/demenagementconstant.ca\/wp-content\/uploads\/2018\/10\/logo-demenagement-constant.png\",\"width\":1521,\"height\":365,\"caption\":\"D\u00e9m\u00e9nagement Constant\"},\"image\":{\"@id\":\"https:\/\/demenagementconstant.ca\/#\/schema\/logo\/image\/\"}}]}<\/script>\n<!-- \/ Yoast SEO plugin. -->","yoast_head_json":{"title":"Merci - D\u00e9m\u00e9nagement Constant","robots":{"index":"noindex","follow":"nofollow"},"og_locale":"en_US","og_type":"article","og_title":"Merci - D\u00e9m\u00e9nagement Constant","og_url":"https:\/\/demenagementconstant.ca\/en\/merci\/","og_site_name":"D\u00e9m\u00e9nagement Constant","article_modified_time":"2023-07-11T21:42:40+00:00","og_image":[{"width":1521,"height":365,"url":"https:\/\/demenagementconstant.ca\/wp-content\/uploads\/2018\/10\/logo-demenagement-constant.png","type":"image\/png"}],"twitter_card":"summary_large_image","schema":{"@context":"https:\/\/schema.org","@graph":[{"@type":"WebPage","@id":"https:\/\/demenagementconstant.ca\/en\/merci\/","url":"https:\/\/demenagementconstant.ca\/en\/merci\/","name":"Merci - D\u00e9m\u00e9nagement Constant","isPartOf":{"@id":"https:\/\/demenagementconstant.ca\/#website"},"datePublished":"2023-07-11T21:42:39+00:00","dateModified":"2023-07-11T21:42:40+00:00","breadcrumb":{"@id":"https:\/\/demenagementconstant.ca\/en\/merci\/#breadcrumb"},"inLanguage":"en-CA","potentialAction":[{"@type":"ReadAction","target":["https:\/\/demenagementconstant.ca\/en\/merci\/"]}]},{"@type":"BreadcrumbList","@id":"https:\/\/demenagementconstant.ca\/en\/merci\/#breadcrumb","itemListElement":[{"@type":"ListItem","position":1,"name":"Accueil","item":"https:\/\/demenagementconstant.ca\/"},{"@type":"ListItem","position":2,"name":"Merci"}]},{"@type":"WebSite","@id":"https:\/\/demenagementconstant.ca\/#website","url":"https:\/\/demenagementconstant.ca\/","name":"D\u00e9m\u00e9nagement Constant","description":"D\u00e9m\u00e9nagement \u00e0 Montr\u00e9al selon votre budjet","publisher":{"@id":"https:\/\/demenagementconstant.ca\/#organization"},"alternateName":"D\u00e9m\u00e9nagement abordable sur la Rive-Sud","potentialAction":[{"@type":"SearchAction","target":{"@type":"EntryPoint","urlTemplate":"https:\/\/demenagementconstant.ca\/?s={search_term_string}"},"query-input":{"@type":"PropertyValueSpecification","valueRequired":true,"valueName":"search_term_string"}}],"inLanguage":"en-CA"},{"@type":"Organization","@id":"https:\/\/demenagementconstant.ca\/#organization","name":"D\u00e9m\u00e9nagement Constant","alternateName":"D\u00e9m\u00e9nagement Constant Rive-Sud","url":"https:\/\/demenagementconstant.ca\/","logo":{"@type":"ImageObject","inLanguage":"en-CA","@id":"https:\/\/demenagementconstant.ca\/#\/schema\/logo\/image\/","url":"https:\/\/demenagementconstant.ca\/wp-content\/uploads\/2018\/10\/logo-demenagement-constant.png","contentUrl":"https:\/\/demenagementconstant.ca\/wp-content\/uploads\/2018\/10\/logo-demenagement-constant.png","width":1521,"height":365,"caption":"D\u00e9m\u00e9nagement Constant"},"image":{"@id":"https:\/\/demenagementconstant.ca\/#\/schema\/logo\/image\/"}}]}},"_links":{"self":[{"href":"https:\/\/demenagementconstant.ca\/en\/wp-json\/wp\/v2\/pages\/3546","targetHints":{"allow":["GET"]}}],"collection":[{"href":"https:\/\/demenagementconstant.ca\/en\/wp-json\/wp\/v2\/pages"}],"about":[{"href":"https:\/\/demenagementconstant.ca\/en\/wp-json\/wp\/v2\/types\/page"}],"author":[{"embeddable":true,"href":"https:\/\/demenagementconstant.ca\/en\/wp-json\/wp\/v2\/users\/4"}],"replies":[{"embeddable":true,"href":"https:\/\/demenagementconstant.ca\/en\/wp-json\/wp\/v2\/comments?post=3546"}],"version-history":[{"count":2,"href":"https:\/\/demenagementconstant.ca\/en\/wp-json\/wp\/v2\/pages\/3546\/revisions"}],"predecessor-version":[{"id":3548,"href":"https:\/\/demenagementconstant.ca\/en\/wp-json\/wp\/v2\/pages\/3546\/revisions\/3548"}],"wp:attachment":[{"href":"https:\/\/demenagementconstant.ca\/en\/wp-json\/wp\/v2\/media?parent=3546"}],"curies":[{"name":"wp","href":"https:\/\/api.w.org\/{rel}","templated":true}]}}